{"id":916,"date":"2024-09-06T13:31:52","date_gmt":"2024-09-06T16:31:52","guid":{"rendered":"https:\/\/www.saolivetti.com.br\/loja\/?post_type=product&#038;p=916"},"modified":"2024-09-06T13:56:21","modified_gmt":"2024-09-06T16:56:21","slug":"dupla-rio-n-01","status":"publish","type":"product","link":"https:\/\/www.saolivetti.com.br\/loja\/produto\/dupla-rio-n-01\/","title":{"rendered":"Dupla Rio N.01"},"content":{"rendered":"<p>Prato e pote de cer\u00e2mica terracota feitos manualmente.<\/p>\n<p>Medidas:<br \/>\nPrato: 24 x 21 cm<br \/>\nPote: 12,5 cm de di\u00e2metro x 6,5 cm de altura<\/p>\n<p>Os produtos podem ser usados normalmente com alimentos, no micro-ondas e tamb\u00e9m podem ser lavados na lava lou\u00e7a.<\/p>\n","protected":false},"excerpt":{"rendered":"<p>Prato e pote de cer\u00e2mica terracota feitos manualmente. Medidas: Prato: 24 x 21 cm Pote: 12,5 cm de di\u00e2metro x 6,5 cm de altura Os produtos podem ser usados normalmente com alimentos, no micro-ondas e tamb\u00e9m podem ser lavados na lava lou\u00e7a.<\/p>\n","protected":false},"featured_media":917,"comment_status":"open","ping_status":"closed","template":"","meta":[],"product_brand":[],"product_cat":[26],"product_tag":[],"class_list":{"0":"post-916","1":"product","2":"type-product","3":"status-publish","4":"has-post-thumbnail","6":"product_cat-ceramica","8":"first","9":"outofstock","10":"taxable","11":"shipping-taxable","12":"purchasable","13":"product-type-simple"},"_links":{"self":[{"href":"https:\/\/www.saolivetti.com.br\/loja\/wp-json\/wp\/v2\/product\/916","targetHints":{"allow":["GET"]}}],"collection":[{"href":"https:\/\/www.saolivetti.com.br\/loja\/wp-json\/wp\/v2\/product"}],"about":[{"href":"https:\/\/www.saolivetti.com.br\/loja\/wp-json\/wp\/v2\/types\/product"}],"replies":[{"embeddable":true,"href":"https:\/\/www.saolivetti.com.br\/loja\/wp-json\/wp\/v2\/comments?post=916"}],"wp:featuredmedia":[{"embeddable":true,"href":"https:\/\/www.saolivetti.com.br\/loja\/wp-json\/wp\/v2\/media\/917"}],"wp:attachment":[{"href":"https:\/\/www.saolivetti.com.br\/loja\/wp-json\/wp\/v2\/media?parent=916"}],"wp:term":[{"taxonomy":"product_brand","embeddable":true,"href":"https:\/\/www.saolivetti.com.br\/loja\/wp-json\/wp\/v2\/product_brand?post=916"},{"taxonomy":"product_cat","embeddable":true,"href":"https:\/\/www.saolivetti.com.br\/loja\/wp-json\/wp\/v2\/product_cat?post=916"},{"taxonomy":"product_tag","embeddable":true,"href":"https:\/\/www.saolivetti.com.br\/loja\/wp-json\/wp\/v2\/product_tag?post=916"}],"curies":[{"name":"wp","href":"https:\/\/api.w.org\/{rel}","templated":true}]}}