{"id":825,"date":"2024-09-06T13:34:02","date_gmt":"2024-09-06T16:34:02","guid":{"rendered":"https:\/\/www.saolivetti.com.br\/loja\/?post_type=product&#038;p=825"},"modified":"2024-09-06T13:43:39","modified_gmt":"2024-09-06T16:43:39","slug":"jogo-para-petiscos-n-14","status":"publish","type":"product","link":"https:\/\/www.saolivetti.com.br\/loja\/produto\/jogo-para-petiscos-n-14\/","title":{"rendered":"Jogo para petiscos N.14"},"content":{"rendered":"<p>Trio de potes para petiscos de cer\u00e2mica feitos manualmente no torno.<\/p>\n<p>Medidas:<br \/>\nPote 1 &#8211; 15 cm de di\u00e2metro x 4 cm de altura<br \/>\nPote 2 &#8211; 13,5 cm de di\u00e2metro x 4,5 cm de altura<br \/>\nPote 3 &#8211; 10,5 cm de di\u00e2metro x 4,5 cm de altura<\/p>\n<p>Os produtos podem ser usados normalmente com alimentos, no micro-ondas e tamb\u00e9m podem ser lavados na lava lou\u00e7a. Podem ir ao forno. N\u00e3o usar direto na chama do fog\u00e3o.<\/p>\n","protected":false},"excerpt":{"rendered":"[video width=\"1080\" height=\"1080\" mp4=\"https:\/\/www.saolivetti.com.br\/loja\/wp-content\/uploads\/2024\/08\/video-14.mp4\"][\/video]\n","protected":false},"featured_media":827,"comment_status":"open","ping_status":"closed","template":"","meta":[],"product_brand":[],"product_cat":[26],"product_tag":[],"class_list":{"0":"post-825","1":"product","2":"type-product","3":"status-publish","4":"has-post-thumbnail","6":"product_cat-ceramica","8":"first","9":"outofstock","10":"taxable","11":"shipping-taxable","12":"purchasable","13":"product-type-simple"},"_links":{"self":[{"href":"https:\/\/www.saolivetti.com.br\/loja\/wp-json\/wp\/v2\/product\/825","targetHints":{"allow":["GET"]}}],"collection":[{"href":"https:\/\/www.saolivetti.com.br\/loja\/wp-json\/wp\/v2\/product"}],"about":[{"href":"https:\/\/www.saolivetti.com.br\/loja\/wp-json\/wp\/v2\/types\/product"}],"replies":[{"embeddable":true,"href":"https:\/\/www.saolivetti.com.br\/loja\/wp-json\/wp\/v2\/comments?post=825"}],"wp:featuredmedia":[{"embeddable":true,"href":"https:\/\/www.saolivetti.com.br\/loja\/wp-json\/wp\/v2\/media\/827"}],"wp:attachment":[{"href":"https:\/\/www.saolivetti.com.br\/loja\/wp-json\/wp\/v2\/media?parent=825"}],"wp:term":[{"taxonomy":"product_brand","embeddable":true,"href":"https:\/\/www.saolivetti.com.br\/loja\/wp-json\/wp\/v2\/product_brand?post=825"},{"taxonomy":"product_cat","embeddable":true,"href":"https:\/\/www.saolivetti.com.br\/loja\/wp-json\/wp\/v2\/product_cat?post=825"},{"taxonomy":"product_tag","embeddable":true,"href":"https:\/\/www.saolivetti.com.br\/loja\/wp-json\/wp\/v2\/product_tag?post=825"}],"curies":[{"name":"wp","href":"https:\/\/api.w.org\/{rel}","templated":true}]}}