{"id":749,"date":"2024-09-06T13:29:01","date_gmt":"2024-09-06T16:29:01","guid":{"rendered":"https:\/\/www.saolivetti.com.br\/loja\/?post_type=product&#038;p=749"},"modified":"2024-09-06T13:51:54","modified_gmt":"2024-09-06T16:51:54","slug":"mantegueira-francesa","status":"publish","type":"product","link":"https:\/\/www.saolivetti.com.br\/loja\/produto\/mantegueira-francesa\/","title":{"rendered":"Mantegueira francesa"},"content":{"rendered":"<p>Mantegueira francesa feita manualmente em torno de cer\u00e2mica.<\/p>\n<p>Medidas:<br \/>\n10 cm de di\u00e2metro x 7 cm de altura.<\/p>\n<p>Na manteigueira francesa, a base \u00e9 preenchida com \u00e1gua fria e a tampa abriga a manteiga. A \u00e1gua cria um selo herm\u00e9tico, protegendo a manteiga da exposi\u00e7\u00e3o ao ar e mantendo-a fresca por mais tempo sem precisar levar o pote para a geladeira. Assim a manteiga n\u00e3o endurece. Frequentemente troque a \u00e1gua da sua manteigueira francesa (sugerimos a cada dois dias) para manter a sua manteiga sempre fresquinha e no ponto certo para o uso. <\/p>\n<p>Os produtos podem ser usados normalmente com alimentos, no micro-ondas e tamb\u00e9m podem ser lavados na lava lou\u00e7a.<\/p>\n","protected":false},"excerpt":{"rendered":"[video width=\"1080\" height=\"1080\" mp4=\"https:\/\/www.saolivetti.com.br\/loja\/wp-content\/uploads\/2024\/08\/video-26.mp4\"][\/video]\n","protected":false},"featured_media":751,"comment_status":"open","ping_status":"closed","template":"","meta":[],"product_brand":[],"product_cat":[26],"product_tag":[],"class_list":{"0":"post-749","1":"product","2":"type-product","3":"status-publish","4":"has-post-thumbnail","6":"product_cat-ceramica","8":"first","9":"outofstock","10":"taxable","11":"shipping-taxable","12":"purchasable","13":"product-type-simple"},"_links":{"self":[{"href":"https:\/\/www.saolivetti.com.br\/loja\/wp-json\/wp\/v2\/product\/749","targetHints":{"allow":["GET"]}}],"collection":[{"href":"https:\/\/www.saolivetti.com.br\/loja\/wp-json\/wp\/v2\/product"}],"about":[{"href":"https:\/\/www.saolivetti.com.br\/loja\/wp-json\/wp\/v2\/types\/product"}],"replies":[{"embeddable":true,"href":"https:\/\/www.saolivetti.com.br\/loja\/wp-json\/wp\/v2\/comments?post=749"}],"wp:featuredmedia":[{"embeddable":true,"href":"https:\/\/www.saolivetti.com.br\/loja\/wp-json\/wp\/v2\/media\/751"}],"wp:attachment":[{"href":"https:\/\/www.saolivetti.com.br\/loja\/wp-json\/wp\/v2\/media?parent=749"}],"wp:term":[{"taxonomy":"product_brand","embeddable":true,"href":"https:\/\/www.saolivetti.com.br\/loja\/wp-json\/wp\/v2\/product_brand?post=749"},{"taxonomy":"product_cat","embeddable":true,"href":"https:\/\/www.saolivetti.com.br\/loja\/wp-json\/wp\/v2\/product_cat?post=749"},{"taxonomy":"product_tag","embeddable":true,"href":"https:\/\/www.saolivetti.com.br\/loja\/wp-json\/wp\/v2\/product_tag?post=749"}],"curies":[{"name":"wp","href":"https:\/\/api.w.org\/{rel}","templated":true}]}}